{"id":719,"date":"2025-11-18T13:04:53","date_gmt":"2025-11-18T13:04:53","guid":{"rendered":"https:\/\/grazerungarischestheater.com\/?post_type=product&#038;p=719"},"modified":"2025-11-18T14:01:47","modified_gmt":"2025-11-18T14:01:47","slug":"vip-ticket","status":"publish","type":"product","link":"https:\/\/grazerungarischestheater.com\/index.php\/termek\/vip-ticket\/","title":{"rendered":"VIP TICKET"},"content":{"rendered":"<p class=\"\" data-start=\"0\" data-end=\"101\">Mit dem Kauf unterst\u00fctzt du den laufenden Betrieb des Theaters \u2013 und kannst den vollen Wert einl\u00f6sen.<\/p>\n<p class=\"\" data-start=\"103\" data-end=\"309\">F\u00fcr jeweils 5 Euro kannst du im GUTcaf\u00e9 konsumieren, Tickets f\u00fcr Vorstellungen kaufen oder Designprodukte in der GUTgallery erwerben. Du kannst das Ticket aber auch als Geschenk an Freund*innen weitergeben.<\/p>\n<p class=\"\" data-start=\"311\" data-end=\"445\">Die in diesem Jahr gekauften VIP-Tickets sind bis zum 21. Dezember 2026 jederzeit im Theater im Wert von 30 Euro pro Ticket einl\u00f6sbar.<\/p>\n<p>Ennek a megv\u00e1s\u00e1rl\u00e1s\u00e1val t\u00e1mogatod a sz\u00ednh\u00e1z m\u0171k\u00f6d\u00e9s\u00e9t, mik\u00f6zben teljes n\u00e9v\u00e9rt\u00e9k\u00e9ben felhaszn\u00e1lhatod.<\/p>\n<p>5 euros t\u00e9telenk\u00e9nt fogyaszthatsz a GUTcaf\u00e9-ban, vehetsz bel\u0151le jegyet az el\u0151d\u00e1sokra, \u00e9s v\u00e1s\u00e1rolhatsz design term\u00e9keket a GUTgallery-ben. De adhatod aj\u00e1nd\u00e9kk\u00e9nt is a bar\u00e1taidnak.<\/p>\n<p>Az ebben az \u00e9vben megv\u00e1s\u00e1rolt VIP ticketek 2026. december 21-ig b\u00e1rmikor felhaszn\u00e1lhat\u00f3k a sz\u00ednh\u00e1zban 30 euro\/ticket \u00e9rt\u00e9kben.<\/p>\n<p>&nbsp;<\/p>\n","protected":false},"excerpt":{"rendered":"<p>Mit dem Kauf unterst\u00fctzt du den laufenden Betrieb des Theaters \u2013 und kannst den vollen Wert einl\u00f6sen. F\u00fcr jeweils 5 Euro kannst du im GUTcaf\u00e9 konsumieren, Tickets f\u00fcr Vorstellungen kaufen oder Designprodukte in der GUTgallery erwerben. Du kannst das Ticket aber auch als Geschenk an Freund*innen weitergeben. Die in diesem Jahr gekauften VIP-Tickets sind bis [&hellip;]<\/p>\n","protected":false},"featured_media":722,"comment_status":"open","ping_status":"closed","template":"","meta":{"_seopress_robots_primary_cat":"none","_seopress_titles_title":"","_seopress_titles_desc":"","_seopress_robots_index":""},"product_brand":[],"product_cat":[19],"product_tag":[],"class_list":{"0":"post-719","1":"product","2":"type-product","3":"status-publish","4":"has-post-thumbnail","6":"product_cat-ticket","8":"first","9":"instock","10":"shipping-taxable","11":"purchasable","12":"product-type-simple"},"jetpack_sharing_enabled":true,"_links":{"self":[{"href":"https:\/\/grazerungarischestheater.com\/index.php\/wp-json\/wp\/v2\/product\/719","targetHints":{"allow":["GET"]}}],"collection":[{"href":"https:\/\/grazerungarischestheater.com\/index.php\/wp-json\/wp\/v2\/product"}],"about":[{"href":"https:\/\/grazerungarischestheater.com\/index.php\/wp-json\/wp\/v2\/types\/product"}],"replies":[{"embeddable":true,"href":"https:\/\/grazerungarischestheater.com\/index.php\/wp-json\/wp\/v2\/comments?post=719"}],"wp:featuredmedia":[{"embeddable":true,"href":"https:\/\/grazerungarischestheater.com\/index.php\/wp-json\/wp\/v2\/media\/722"}],"wp:attachment":[{"href":"https:\/\/grazerungarischestheater.com\/index.php\/wp-json\/wp\/v2\/media?parent=719"}],"wp:term":[{"taxonomy":"product_brand","embeddable":true,"href":"https:\/\/grazerungarischestheater.com\/index.php\/wp-json\/wp\/v2\/product_brand?post=719"},{"taxonomy":"product_cat","embeddable":true,"href":"https:\/\/grazerungarischestheater.com\/index.php\/wp-json\/wp\/v2\/product_cat?post=719"},{"taxonomy":"product_tag","embeddable":true,"href":"https:\/\/grazerungarischestheater.com\/index.php\/wp-json\/wp\/v2\/product_tag?post=719"}],"curies":[{"name":"wp","href":"https:\/\/api.w.org\/{rel}","templated":true}]}}