{"id":724,"date":"2025-04-03T14:01:20","date_gmt":"2025-04-03T14:01:20","guid":{"rendered":"https:\/\/grazerungarischestheater.com\/?post_type=product&#038;p=724"},"modified":"2025-05-08T09:50:27","modified_gmt":"2025-05-08T09:50:27","slug":"kulturticket","status":"publish","type":"product","link":"https:\/\/grazerungarischestheater.com\/index.php\/termek\/kulturticket\/","title":{"rendered":"KULTURTICKET"},"content":{"rendered":"<p>Damit unterst\u00fctzt du unsere kulturelle Arbeit \u2013 ohne Gegenleistung.<br data-start=\"118\" data-end=\"121\" \/>Kauf so ein Ticket nur dann, wenn du m\u00f6chtest, dass unser Theater weiterbestehen kann.<br data-start=\"207\" data-end=\"210\" \/>Wenn es dir wichtig ist, dass wir einen angenehmen, offenen Kulturklub erhalten, den du gerne ab und zu besuchst.<br data-start=\"323\" data-end=\"326\" \/>Wenn es dir am Herzen liegt, regelm\u00e4\u00dfig Ausstellungen bildender K\u00fcnstler*innen zu sehen und zu genie\u00dfen.<br data-start=\"430\" data-end=\"433\" \/>Oder wenn du manchmal an besonderen Veranstaltungen teilnehmen m\u00f6chtest, die exklusiv f\u00fcr Mitglieder des Kulturklubs organisiert werden \u2013 kostenlos. \u00dcber die Termine informieren wir dich per E-Mail.<\/p>\n<p>&nbsp;<\/p>\n<p>Ezzel a kultur\u00e1lis tev\u00e9kenys\u00e9g\u00fcnket tudod t\u00e1mogatni ellenszolg\u00e1ltat\u00e1s n\u00e9lk\u00fcl. Akkor v\u00e1s\u00e1rolj ilyet, ha szeretn\u00e9d, hogy m\u0171k\u00f6dj\u00f6n a sz\u00ednh\u00e1zunk, ha szeretn\u00e9d, hogy fenn tudjunk tartani egy kellemes hangulat\u00fa klubot, amit id\u0151nk\u00e9nt sz\u00edvesen megl\u00e1togatsz, ha fontos sz\u00e1modra, hogy id\u0151r\u0151l id\u0151re k\u00e9pz\u0151m\u0171v\u00e9szek ki\u00e1ll\u00edt\u00e1saiban gy\u00f6ny\u00f6rk\u00f6dhess. Ha szeretn\u00e9l id\u0151nk\u00e9nt egy k\u00fcl\u00f6nleges, csak a Kulturclub tagjai sz\u00e1m\u00e1ra l\u00e9trehozott rendezv\u00e9nyen t\u00e9r\u00edt\u00e9smentesen r\u00e9szt venni, amelynek id\u0151pontjair\u00f3l e-mailben \u00e9rtes\u00edt\u00fcnk.<\/p>\n","protected":false},"excerpt":{"rendered":"<p><strong>F\u00f6rderticket<\/strong><\/p>\n","protected":false},"featured_media":728,"comment_status":"open","ping_status":"closed","template":"","meta":{"_seopress_robots_primary_cat":"none","_seopress_titles_title":"","_seopress_titles_desc":"","_seopress_robots_index":""},"product_brand":[],"product_cat":[19],"product_tag":[],"class_list":{"0":"post-724","1":"product","2":"type-product","3":"status-publish","4":"has-post-thumbnail","6":"product_cat-ticket","8":"first","9":"instock","10":"shipping-taxable","11":"purchasable","12":"product-type-simple"},"jetpack_sharing_enabled":true,"_links":{"self":[{"href":"https:\/\/grazerungarischestheater.com\/index.php\/wp-json\/wp\/v2\/product\/724","targetHints":{"allow":["GET"]}}],"collection":[{"href":"https:\/\/grazerungarischestheater.com\/index.php\/wp-json\/wp\/v2\/product"}],"about":[{"href":"https:\/\/grazerungarischestheater.com\/index.php\/wp-json\/wp\/v2\/types\/product"}],"replies":[{"embeddable":true,"href":"https:\/\/grazerungarischestheater.com\/index.php\/wp-json\/wp\/v2\/comments?post=724"}],"wp:featuredmedia":[{"embeddable":true,"href":"https:\/\/grazerungarischestheater.com\/index.php\/wp-json\/wp\/v2\/media\/728"}],"wp:attachment":[{"href":"https:\/\/grazerungarischestheater.com\/index.php\/wp-json\/wp\/v2\/media?parent=724"}],"wp:term":[{"taxonomy":"product_brand","embeddable":true,"href":"https:\/\/grazerungarischestheater.com\/index.php\/wp-json\/wp\/v2\/product_brand?post=724"},{"taxonomy":"product_cat","embeddable":true,"href":"https:\/\/grazerungarischestheater.com\/index.php\/wp-json\/wp\/v2\/product_cat?post=724"},{"taxonomy":"product_tag","embeddable":true,"href":"https:\/\/grazerungarischestheater.com\/index.php\/wp-json\/wp\/v2\/product_tag?post=724"}],"curies":[{"name":"wp","href":"https:\/\/api.w.org\/{rel}","templated":true}]}}